{"id":20,"date":"2018-01-17T12:21:41","date_gmt":"2018-01-17T14:21:41","guid":{"rendered":"http:\/\/capimlimaorestaurante.com.br\/?page_id=20"},"modified":"2022-08-02T17:05:22","modified_gmt":"2022-08-02T20:05:22","slug":"quem-somos","status":"publish","type":"page","link":"https:\/\/capimlimaorestaurante.com.br\/index.php\/quem-somos\/","title":{"rendered":"QUEM SOMOS"},"content":{"rendered":"\t\t<div data-elementor-type=\"wp-page\" data-elementor-id=\"20\" class=\"elementor elementor-20\">\n\t\t\t\t\t\t<section class=\"elementor-section elementor-top-section elementor-element elementor-element-3b02c31 elementor-section-stretched elementor-section-full_width elementor-section-height-default elementor-section-height-default\" data-id=\"3b02c31\" data-element_type=\"section\" data-settings=\"{&quot;stretch_section&quot;:&quot;section-stretched&quot;,&quot;background_background&quot;:&quot;classic&quot;}\">\n\t\t\t\t\t\t<div class=\"elementor-container elementor-column-gap-default\">\n\t\t\t\t\t<div class=\"elementor-column elementor-col-16 elementor-top-column elementor-element elementor-element-9c55d79\" data-id=\"9c55d79\" data-element_type=\"column\">\n\t\t\t<div class=\"elementor-widget-wrap\">\n\t\t\t\t\t\t\t<\/div>\n\t\t<\/div>\n\t\t\t\t<div class=\"elementor-column elementor-col-66 elementor-top-column elementor-element elementor-element-1798b7e\" data-id=\"1798b7e\" data-element_type=\"column\" data-settings=\"{&quot;background_background&quot;:&quot;classic&quot;}\">\n\t\t\t<div class=\"elementor-widget-wrap elementor-element-populated\">\n\t\t\t\t\t\t<div class=\"elementor-element elementor-element-a6383bc elementor-widget elementor-widget-heading\" data-id=\"a6383bc\" data-element_type=\"widget\" data-widget_type=\"heading.default\">\n\t\t\t\t<div class=\"elementor-widget-container\">\n\t\t\t\t\t<h2 class=\"elementor-heading-title elementor-size-default\">Quem Somos<\/h2>\t\t\t\t<\/div>\n\t\t\t\t<\/div>\n\t\t\t\t<div class=\"elementor-element elementor-element-dbfbda8 elementor-widget elementor-widget-text-editor\" data-id=\"dbfbda8\" data-element_type=\"widget\" data-widget_type=\"text-editor.default\">\n\t\t\t\t<div class=\"elementor-widget-container\">\n\t\t\t\t\t\t\t\t\t<p style=\"text-align: center;\">Em 2016 os araraquarenses come\u00e7aram a contar com um restaurante de sabor diferenciado, o Capim Lim\u00e3o. Seguindo as tradi\u00e7\u00f5es da cozinha nacional para garantir sabor \u00fanico e atendimento com alt\u00edssima qualidade, a casa se destacou desde o in\u00edcio de suas atividades como a melhor cozinha da cidade.<\/p><p>Com o sucesso alcan\u00e7ado, o Capim Lim\u00e3o Restaurante &amp; Lanchonete decidiu inovar e reestruturar seu espa\u00e7o para atender ao p\u00fablico com ainda mais qualidade e conforto. Ent\u00e3o, em 2018, o restaurante foi reinaugurado, apresentando decora\u00e7\u00e3o sofisticada e ambiente aconchegante, sem deixar de lado, \u00e9 claro, toda a qualidade e sabor do alimentos e o atendimento caracter\u00edsticos da nossa equipe.<\/p>\t\t\t\t\t\t\t\t<\/div>\n\t\t\t\t<\/div>\n\t\t\t\t\t<\/div>\n\t\t<\/div>\n\t\t\t\t<div class=\"elementor-column elementor-col-16 elementor-top-column elementor-element elementor-element-a0b7605\" data-id=\"a0b7605\" data-element_type=\"column\">\n\t\t\t<div class=\"elementor-widget-wrap\">\n\t\t\t\t\t\t\t<\/div>\n\t\t<\/div>\n\t\t\t\t\t<\/div>\n\t\t<\/section>\n\t\t\t\t<\/div>\n\t\t","protected":false},"excerpt":{"rendered":"<p>Quem Somos Em 2016 os araraquarenses come\u00e7aram a contar com um restaurante de sabor diferenciado, o Capim Lim\u00e3o. Seguindo as tradi\u00e7\u00f5es da cozinha nacional para&hellip;<\/p>\n","protected":false},"author":2,"featured_media":0,"parent":0,"menu_order":0,"comment_status":"closed","ping_status":"closed","template":"","meta":{"_joinchat":[],"footnotes":""},"class_list":["post-20","page","type-page","status-publish","hentry"],"_links":{"self":[{"href":"https:\/\/capimlimaorestaurante.com.br\/index.php\/wp-json\/wp\/v2\/pages\/20","targetHints":{"allow":["GET"]}}],"collection":[{"href":"https:\/\/capimlimaorestaurante.com.br\/index.php\/wp-json\/wp\/v2\/pages"}],"about":[{"href":"https:\/\/capimlimaorestaurante.com.br\/index.php\/wp-json\/wp\/v2\/types\/page"}],"author":[{"embeddable":true,"href":"https:\/\/capimlimaorestaurante.com.br\/index.php\/wp-json\/wp\/v2\/users\/2"}],"replies":[{"embeddable":true,"href":"https:\/\/capimlimaorestaurante.com.br\/index.php\/wp-json\/wp\/v2\/comments?post=20"}],"version-history":[{"count":15,"href":"https:\/\/capimlimaorestaurante.com.br\/index.php\/wp-json\/wp\/v2\/pages\/20\/revisions"}],"predecessor-version":[{"id":248,"href":"https:\/\/capimlimaorestaurante.com.br\/index.php\/wp-json\/wp\/v2\/pages\/20\/revisions\/248"}],"wp:attachment":[{"href":"https:\/\/capimlimaorestaurante.com.br\/index.php\/wp-json\/wp\/v2\/media?parent=20"}],"curies":[{"name":"wp","href":"https:\/\/api.w.org\/{rel}","templated":true}]}}